{"id":1304,"date":"2017-06-09T09:52:26","date_gmt":"2017-06-09T07:52:26","guid":{"rendered":"http:\/\/46.17.1.80\/~nvobv\/cms\/?page_id=1304"},"modified":"2025-06-12T17:13:34","modified_gmt":"2025-06-12T15:13:34","slug":"over-nvo-transport","status":"publish","type":"page","link":"https:\/\/www.nvotransport.nl\/en\/over-nvo-transport\/","title":{"rendered":"About NVO Transport"},"content":{"rendered":"<div class=\"wpb-content-wrapper\"><p><\/p>\n<p>[vc_row full_width=&#8221;stretch_row_content_no_spaces&#8221; css=&#8221;.vc_custom_1510309121760{margin-top: -60px !important;}&#8221;][vc_column][vc_single_image image=&#8221;110274&#8243; img_size=&#8221;full&#8221;][\/vc_column][\/vc_row][vc_row][vc_column][vc_column_text]<\/p>\n<div class=\"links\">\n<h4><strong>Hub to Scandinavia<\/strong><\/h4>\n<p>With our 4,500 m2 storage and transhipment facility, we are your hub to Scandinavia for the transport of goods to Sweden, Denmark, Norway and back. Our cross-docking facility makes it possible to (re)group pallets of goods without delay and then transport your freight as efficiently as possible.<\/p>\n<p>Our storage and transhipment facility is temperate-controlled. For refrigerated and frozen transports, we have three refrigerators\/freezers with temperatures up to -25\u00ba C. The temperature in these units is continuously monitored and registered. Each unit offers space for 100 Euro pallets.<\/p>\n<h4><strong>Logistical solutions<\/strong><\/h4>\n<p>NVNVO Transport is more than just a transport organisation. We are a logistical service provider that offers a wide range of transport solutions: refrigerated transport, express transport, groupage transport or full loads, volume transport and warehousing. Our geographic location ties in perfectly with the departure times of the ferries to Scandinavia and the mandatory rest periods of our drivers. We can deliver your goods to any destination in Sweden within 48 hours.<\/p>\n<p>Our transport solutions often go beyond the aforementioned standard services. One example is our use of swap-body trailers for several of our relations.<\/p><\/div>\n<div class=\"rechts\">\n<h4><strong>220 trucks on the road<\/strong><\/h4>\n<p>NVO Transport BV is a cooperation of 54 transport organisations in the northern region of the Netherlands. NVO Transport was founded in 1965 and is located along the A7 highway in Zuidbroek. Every day, we drive to Sweden, Denmark, Norway and back with more than 180 trucks in the NVO corporate style. On top of that, twenty charters also transport goods for NVO. These are potential members of the cooperation. During peak times, up to 220 trucks with NVO shipments are on the road in the Benelux and Scandinavia.<\/p>\n<h4><strong>Fleet and drivers<\/strong><\/h4>\n<p>The NVO members and charters all use relatively new trucks. All vehicles are traceable 24\/7 and equipped with B3 alarm systems. Our fleet consists of 95 trucks with curtainsiders, 70 trucks with refrigeration trailers and 15 truck-trailer combinations.<\/p>\n<p>We exclusively work with Dutch drivers. All of our drivers have a Certificate of Good Behaviour and the required (inter)national diplomas and personal safety certificates. Our drivers drive and supervise your transport from door to door, in the Netherlands and abroad. This means that the entire process, from picking up the cargo to transporting it by road and boat and the final delivery of the goods, is handled solely by NVO drivers.<\/p><\/div>\n<p>[\/vc_column_text][\/vc_column][\/vc_row]<\/p>\n<p><\/p>\n<\/div>","protected":false},"excerpt":{"rendered":"<p>[vc_row full_width=&#8221;stretch_row_content_no_spaces&#8221; css=&#8221;.vc_custom_1510309121760{margin-top: -60px !important;}&#8221;][vc_column][vc_single_image image=&#8221;110274&#8243; img_size=&#8221;full&#8221;][\/vc_column][\/vc_row][vc_row][vc_column][vc_column_text] Hub to Scandinavia With our 4,500 m2&#8230;<\/p>\n","protected":false},"author":1,"featured_media":0,"parent":0,"menu_order":0,"comment_status":"closed","ping_status":"closed","template":"","meta":{"footnotes":""},"yoast_head":"<!-- This site is optimized with the Yoast SEO plugin v21.8 - https:\/\/yoast.com\/wordpress\/plugins\/seo\/ -->\n<title>(Nederlands) NVO Transport - Hub naar Scandinavi\u00eb<\/title>\n<meta name=\"description\" content=\"(Nederlands) Met ons 4.500 m2 grote op- en overslag pand zijn wij d\u00e9 hub naar Scandinavi\u00eb voor goederentransport naar Zweden, Denemarken, Noorwegen, Finland en terug. Onze &#039;cross-docking&#039; faciliteit maakt het mogelijk om pallets met goederen zonder oponthoud te (her)groeperen en uw vracht daarna zo effici\u00ebnt mogelijk te vervoeren.\" \/>\n<meta name=\"robots\" content=\"index, follow, max-snippet:-1, max-image-preview:large, max-video-preview:-1\" \/>\n<link rel=\"canonical\" href=\"https:\/\/www.nvotransport.nl\/over-nvo-transport\/\" \/>\n<meta property=\"og:locale\" content=\"en_US\" \/>\n<meta property=\"og:type\" content=\"article\" \/>\n<meta property=\"og:title\" content=\"[:nl]NVO Transport - Hub naar Scandinavi\u00eb[:]\" \/>\n<meta property=\"og:description\" content=\"{:nl}Met ons 4.500 m2 grote op- en overslag pand zijn wij d\u00e9 hub naar Scandinavi\u00eb voor goederentransport naar Zweden, Denemarken, Noorwegen, Finland en terug. Onze &#039;cross-docking&#039; faciliteit maakt het mogelijk om pallets met goederen zonder oponthoud te (her)groeperen en uw vracht daarna zo effici\u00ebnt mogelijk te vervoeren.{:}\" \/>\n<meta property=\"og:url\" content=\"https:\/\/www.nvotransport.nl\/over-nvo-transport\/\" \/>\n<meta property=\"og:site_name\" content=\"NVO Transport\" \/>\n<meta property=\"article:modified_time\" content=\"2025-06-12T15:13:34+00:00\" \/>\n<meta name=\"twitter:card\" content=\"summary_large_image\" \/>\n<meta name=\"twitter:label1\" content=\"Est. reading time\" \/>\n\t<meta name=\"twitter:data1\" content=\"2 minutes\" \/>\n<script type=\"application\/ld+json\" class=\"yoast-schema-graph\">{\"@context\":\"https:\/\/schema.org\",\"@graph\":[{\"@type\":\"WebPage\",\"@id\":\"https:\/\/www.nvotransport.nl\/over-nvo-transport\/\",\"url\":\"https:\/\/www.nvotransport.nl\/over-nvo-transport\/\",\"name\":\"[:nl]NVO Transport - Hub naar Scandinavi\u00eb[:]\",\"isPartOf\":{\"@id\":\"https:\/\/www.nvotransport.nl\/#website\"},\"datePublished\":\"2017-06-09T07:52:26+00:00\",\"dateModified\":\"2025-06-12T15:13:34+00:00\",\"description\":\"{:nl}Met ons 4.500 m2 grote op- en overslag pand zijn wij d\u00e9 hub naar Scandinavi\u00eb voor goederentransport naar Zweden, Denemarken, Noorwegen, Finland en terug. Onze 'cross-docking' faciliteit maakt het mogelijk om pallets met goederen zonder oponthoud te (her)groeperen en uw vracht daarna zo effici\u00ebnt mogelijk te vervoeren.{:}\",\"breadcrumb\":{\"@id\":\"https:\/\/www.nvotransport.nl\/over-nvo-transport\/#breadcrumb\"},\"inLanguage\":\"en-US\",\"potentialAction\":[{\"@type\":\"ReadAction\",\"target\":[\"https:\/\/www.nvotransport.nl\/over-nvo-transport\/\"]}]},{\"@type\":\"BreadcrumbList\",\"@id\":\"https:\/\/www.nvotransport.nl\/over-nvo-transport\/#breadcrumb\",\"itemListElement\":[{\"@type\":\"ListItem\",\"position\":1,\"name\":\"Home\",\"item\":\"https:\/\/www.nvotransport.nl\/\"},{\"@type\":\"ListItem\",\"position\":2,\"name\":\"Over NVO Transport\"}]},{\"@type\":\"WebSite\",\"@id\":\"https:\/\/www.nvotransport.nl\/#website\",\"url\":\"https:\/\/www.nvotransport.nl\/\",\"name\":\"NVO Transport\",\"description\":\"Transport to Scandinavia\",\"potentialAction\":[{\"@type\":\"SearchAction\",\"target\":{\"@type\":\"EntryPoint\",\"urlTemplate\":\"https:\/\/www.nvotransport.nl\/?s={search_term_string}\"},\"query-input\":\"required name=search_term_string\"}],\"inLanguage\":\"en-US\"}]}<\/script>\n<!-- \/ Yoast SEO plugin. -->","yoast_head_json":{"title":"(Nederlands) NVO Transport - Hub naar Scandinavi\u00eb","description":"(Nederlands) Met ons 4.500 m2 grote op- en overslag pand zijn wij d\u00e9 hub naar Scandinavi\u00eb voor goederentransport naar Zweden, Denemarken, Noorwegen, Finland en terug. Onze 'cross-docking' faciliteit maakt het mogelijk om pallets met goederen zonder oponthoud te (her)groeperen en uw vracht daarna zo effici\u00ebnt mogelijk te vervoeren.","robots":{"index":"index","follow":"follow","max-snippet":"max-snippet:-1","max-image-preview":"max-image-preview:large","max-video-preview":"max-video-preview:-1"},"canonical":"https:\/\/www.nvotransport.nl\/over-nvo-transport\/","og_locale":"en_US","og_type":"article","og_title":"[:nl]NVO Transport - Hub naar Scandinavi\u00eb[:]","og_description":"{:nl}Met ons 4.500 m2 grote op- en overslag pand zijn wij d\u00e9 hub naar Scandinavi\u00eb voor goederentransport naar Zweden, Denemarken, Noorwegen, Finland en terug. Onze 'cross-docking' faciliteit maakt het mogelijk om pallets met goederen zonder oponthoud te (her)groeperen en uw vracht daarna zo effici\u00ebnt mogelijk te vervoeren.{:}","og_url":"https:\/\/www.nvotransport.nl\/over-nvo-transport\/","og_site_name":"NVO Transport","article_modified_time":"2025-06-12T15:13:34+00:00","twitter_card":"summary_large_image","twitter_misc":{"Est. reading time":"2 minutes"},"schema":{"@context":"https:\/\/schema.org","@graph":[{"@type":"WebPage","@id":"https:\/\/www.nvotransport.nl\/over-nvo-transport\/","url":"https:\/\/www.nvotransport.nl\/over-nvo-transport\/","name":"[:nl]NVO Transport - Hub naar Scandinavi\u00eb[:]","isPartOf":{"@id":"https:\/\/www.nvotransport.nl\/#website"},"datePublished":"2017-06-09T07:52:26+00:00","dateModified":"2025-06-12T15:13:34+00:00","description":"{:nl}Met ons 4.500 m2 grote op- en overslag pand zijn wij d\u00e9 hub naar Scandinavi\u00eb voor goederentransport naar Zweden, Denemarken, Noorwegen, Finland en terug. Onze 'cross-docking' faciliteit maakt het mogelijk om pallets met goederen zonder oponthoud te (her)groeperen en uw vracht daarna zo effici\u00ebnt mogelijk te vervoeren.{:}","breadcrumb":{"@id":"https:\/\/www.nvotransport.nl\/over-nvo-transport\/#breadcrumb"},"inLanguage":"en-US","potentialAction":[{"@type":"ReadAction","target":["https:\/\/www.nvotransport.nl\/over-nvo-transport\/"]}]},{"@type":"BreadcrumbList","@id":"https:\/\/www.nvotransport.nl\/over-nvo-transport\/#breadcrumb","itemListElement":[{"@type":"ListItem","position":1,"name":"Home","item":"https:\/\/www.nvotransport.nl\/"},{"@type":"ListItem","position":2,"name":"Over NVO Transport"}]},{"@type":"WebSite","@id":"https:\/\/www.nvotransport.nl\/#website","url":"https:\/\/www.nvotransport.nl\/","name":"NVO Transport","description":"Transport to Scandinavia","potentialAction":[{"@type":"SearchAction","target":{"@type":"EntryPoint","urlTemplate":"https:\/\/www.nvotransport.nl\/?s={search_term_string}"},"query-input":"required name=search_term_string"}],"inLanguage":"en-US"}]}},"_links":{"self":[{"href":"https:\/\/www.nvotransport.nl\/en\/wp-json\/wp\/v2\/pages\/1304"}],"collection":[{"href":"https:\/\/www.nvotransport.nl\/en\/wp-json\/wp\/v2\/pages"}],"about":[{"href":"https:\/\/www.nvotransport.nl\/en\/wp-json\/wp\/v2\/types\/page"}],"author":[{"embeddable":true,"href":"https:\/\/www.nvotransport.nl\/en\/wp-json\/wp\/v2\/users\/1"}],"replies":[{"embeddable":true,"href":"https:\/\/www.nvotransport.nl\/en\/wp-json\/wp\/v2\/comments?post=1304"}],"version-history":[{"count":56,"href":"https:\/\/www.nvotransport.nl\/en\/wp-json\/wp\/v2\/pages\/1304\/revisions"}],"predecessor-version":[{"id":111134,"href":"https:\/\/www.nvotransport.nl\/en\/wp-json\/wp\/v2\/pages\/1304\/revisions\/111134"}],"wp:attachment":[{"href":"https:\/\/www.nvotransport.nl\/en\/wp-json\/wp\/v2\/media?parent=1304"}],"curies":[{"name":"wp","href":"https:\/\/api.w.org\/{rel}","templated":true}]}}