{"id":1789,"date":"2018-01-11T15:36:14","date_gmt":"2018-01-11T14:36:14","guid":{"rendered":"http:\/\/nvotransport.nl\/?page_id=1789"},"modified":"2019-11-26T16:34:05","modified_gmt":"2019-11-26T15:34:05","slug":"transport-scandinavie","status":"publish","type":"page","link":"https:\/\/www.nvotransport.nl\/en\/transport-scandinavie\/","title":{"rendered":"Transport Scandinavia"},"content":{"rendered":"<div class=\"wpb-content-wrapper\"><p>[vc_row full_width=&#8221;stretch_row_content_no_spaces&#8221;][vc_column][vc_single_image image=&#8221;1815&#8243; img_size=&#8221;full&#8221; css=&#8221;.vc_custom_1515685766406{margin-top: -60px !important;}&#8221;][\/vc_column][\/vc_row][vc_row][vc_column][vc_column_text]<\/p>\n<div class=\"links\">\n<h3><strong>Transport Scandinavia<\/strong><\/h3>\n<p>Do you need shipping to or from Scandinavia? NVO Transport is the hub for all types of freight transport to Scandinavia.<\/p>\n<p>With our 4,500 m2 storage and transshipment premises, we are the hub for transport to Sweden, Denmark, Norway, Finland and back. Our cross-docking facility enables us to group and regroup pallets of goods to guarantee the most efficient transport.<\/p>\n<p>Our storage and transshipment is temperature controlled. For reefer and frozen transport, we have three cold rooms and freezer rooms with temperatures down to min 25\u00baC. Every cold room or freezer room provides space for\u00a0100 euro pallets.<\/p>\n<h3><strong>Logistics solutions<\/strong><\/h3>\n<p>NVO Transport is more than a transport company. We are a logistics services provider with a wide range of transport solutions &#8211; refrigerated shipping, express shipping, groupage transport or full loads, volume transport and warehousing. Our geographic location, near the German border crossing Bad Nieuweschans, ties in perfectly with the departure times of the ferries to Scandinavia and the compulsory rest periods for our drivers. It means we can deliver to every destination in Scandinavia within 48 hours.<\/p>\n<p>Our transport solutions generally go beyond the aforementioned standard services, for example by using swap trailers for several of our clients.<\/p>\n<\/div>\n<div class=\"rechts\">\n<h3><strong> Types of freight transport to Scandinavia<\/strong><\/h3>\n<p>For transport to Scandinavia, we offer the following services:<\/p>\n<p><span style=\"color: #10a84e;\"><strong><a style=\"color: #10a84e;\" href=\"http:\/\/nvotransport.nl\/en\/#diensten\">Refrigerated transport<\/a><\/strong><\/span><br \/>\n<span style=\"color: #10a84e;\"><strong><a style=\"color: #10a84e;\" href=\"http:\/\/nvotransport.nl\/en\/#diensten\">Express transport<\/a><\/strong><\/span><br \/>\n<span style=\"color: #10a84e;\"><strong><a style=\"color: #10a84e;\" href=\"http:\/\/nvotransport.nl\/en\/#diensten\">Groupage<\/a><\/strong><\/span><br \/>\n<span style=\"color: #10a84e;\"><strong><a style=\"color: #10a84e;\" href=\"http:\/\/nvotransport.nl\/en\/#diensten\">Full loads<\/a><\/strong><\/span><br \/>\n<span style=\"color: #10a84e;\"><strong><a style=\"color: #10a84e;\" href=\"http:\/\/nvotransport.nl\/en\/#diensten\">Volume transport<\/a><\/strong><\/span><br \/>\n<span style=\"color: #10a84e;\"><strong><a style=\"color: #10a84e;\" href=\"http:\/\/nvotransport.nl\/en\/#diensten\">Warehousing<\/a><\/strong><\/span><\/p>\n<p>If you have questions about transport to Scandinavia, please do not hesitate to <span style=\"color: #10a84e;\"><strong><a style=\"color: #10a84e;\" href=\"http:\/\/nvotransport.nl\/en\/#contact\">contact<\/a> <\/strong><\/span>us,\u00a0or request a <strong><a style=\"color: #10a84e;\" href=\"http:\/\/www.nvotransport.nl\/en\/offerte-aanvragen\/\">quotation<\/a><\/strong>.<\/p>\n<h3><strong> 220 lorries providing freight transport to Scandinavia on the road<\/strong><\/h3>\n<p>NVO Transport BV is a cooperative of 54\u00a0transport companies in the north of the Netherlands and was founded in 1965. NVO Transport is located on the A7\u00a0in Zuidbroek in the Province of Groningen, near the German border crossing Bad Nieuweschans. Every day, we drive to Sweden, Denmark, Norway, Finland and back with more than 180 lorries in NVO livery. NVO also has 20 permanent charters, who are potential members of the cooperative. On peak days, there are 220 lorries with NVO cargo on the road in the Benelux and Scandinavia.<\/p>\n<\/div>\n<p>[\/vc_column_text][\/vc_column][\/vc_row]<\/p>\n<\/div>","protected":false},"excerpt":{"rendered":"<p>[vc_row full_width=&#8221;stretch_row_content_no_spaces&#8221;][vc_column][vc_single_image image=&#8221;1815&#8243; img_size=&#8221;full&#8221; css=&#8221;.vc_custom_1515685766406{margin-top: -60px !important;}&#8221;][\/vc_column][\/vc_row][vc_row][vc_column][vc_column_text] Transport Scandinavia Do you need shipping to&#8230;<\/p>\n","protected":false},"author":1,"featured_media":0,"parent":0,"menu_order":0,"comment_status":"closed","ping_status":"closed","template":"","meta":{"footnotes":""},"yoast_head":"<!-- This site is optimized with the Yoast SEO plugin v21.8 - https:\/\/yoast.com\/wordpress\/plugins\/seo\/ -->\n<title>Transport Scandinavi\u00eb - NVO Transport Scandinavi\u00eb<\/title>\n<meta name=\"description\" content=\"NVO Transport Scandinavi\u00eb is d\u00e9 hub naar Scandinavi\u00eb voor alle soorten goederentransport naar Zweden, Denemarken, Noorwegen, Finland en terug.\" \/>\n<meta name=\"robots\" content=\"index, follow, max-snippet:-1, max-image-preview:large, max-video-preview:-1\" \/>\n<link rel=\"canonical\" href=\"https:\/\/www.nvotransport.nl\/transport-scandinavie\/\" \/>\n<meta property=\"og:locale\" content=\"en_US\" \/>\n<meta property=\"og:type\" content=\"article\" \/>\n<meta property=\"og:title\" content=\"Transport Scandinavi\u00eb - NVO Transport Scandinavi\u00eb\" \/>\n<meta property=\"og:description\" content=\"NVO Transport Scandinavi\u00eb is d\u00e9 hub naar Scandinavi\u00eb voor alle soorten goederentransport naar Zweden, Denemarken, Noorwegen, Finland en terug.\" \/>\n<meta property=\"og:url\" content=\"https:\/\/www.nvotransport.nl\/transport-scandinavie\/\" \/>\n<meta property=\"og:site_name\" content=\"NVO Transport\" \/>\n<meta property=\"article:modified_time\" content=\"2019-11-26T15:34:05+00:00\" \/>\n<meta name=\"twitter:card\" content=\"summary_large_image\" \/>\n<meta name=\"twitter:label1\" content=\"Est. reading time\" \/>\n\t<meta name=\"twitter:data1\" content=\"4 minutes\" \/>\n<script type=\"application\/ld+json\" class=\"yoast-schema-graph\">{\"@context\":\"https:\/\/schema.org\",\"@graph\":[{\"@type\":\"WebPage\",\"@id\":\"https:\/\/www.nvotransport.nl\/transport-scandinavie\/\",\"url\":\"https:\/\/www.nvotransport.nl\/transport-scandinavie\/\",\"name\":\"Transport Scandinavi\u00eb - NVO Transport Scandinavi\u00eb\",\"isPartOf\":{\"@id\":\"https:\/\/www.nvotransport.nl\/#website\"},\"datePublished\":\"2018-01-11T14:36:14+00:00\",\"dateModified\":\"2019-11-26T15:34:05+00:00\",\"description\":\"NVO Transport Scandinavi\u00eb is d\u00e9 hub naar Scandinavi\u00eb voor alle soorten goederentransport naar Zweden, Denemarken, Noorwegen, Finland en terug.\",\"breadcrumb\":{\"@id\":\"https:\/\/www.nvotransport.nl\/transport-scandinavie\/#breadcrumb\"},\"inLanguage\":\"en-US\",\"potentialAction\":[{\"@type\":\"ReadAction\",\"target\":[\"https:\/\/www.nvotransport.nl\/transport-scandinavie\/\"]}]},{\"@type\":\"BreadcrumbList\",\"@id\":\"https:\/\/www.nvotransport.nl\/transport-scandinavie\/#breadcrumb\",\"itemListElement\":[{\"@type\":\"ListItem\",\"position\":1,\"name\":\"Home\",\"item\":\"https:\/\/www.nvotransport.nl\/\"},{\"@type\":\"ListItem\",\"position\":2,\"name\":\"Transport van en naar Scandinavi\u00eb\"}]},{\"@type\":\"WebSite\",\"@id\":\"https:\/\/www.nvotransport.nl\/#website\",\"url\":\"https:\/\/www.nvotransport.nl\/\",\"name\":\"NVO Transport\",\"description\":\"Transport to Scandinavia\",\"potentialAction\":[{\"@type\":\"SearchAction\",\"target\":{\"@type\":\"EntryPoint\",\"urlTemplate\":\"https:\/\/www.nvotransport.nl\/?s={search_term_string}\"},\"query-input\":\"required name=search_term_string\"}],\"inLanguage\":\"en-US\"}]}<\/script>\n<!-- \/ Yoast SEO plugin. -->","yoast_head_json":{"title":"Transport Scandinavi\u00eb - NVO Transport Scandinavi\u00eb","description":"NVO Transport Scandinavi\u00eb is d\u00e9 hub naar Scandinavi\u00eb voor alle soorten goederentransport naar Zweden, Denemarken, Noorwegen, Finland en terug.","robots":{"index":"index","follow":"follow","max-snippet":"max-snippet:-1","max-image-preview":"max-image-preview:large","max-video-preview":"max-video-preview:-1"},"canonical":"https:\/\/www.nvotransport.nl\/transport-scandinavie\/","og_locale":"en_US","og_type":"article","og_title":"Transport Scandinavi\u00eb - NVO Transport Scandinavi\u00eb","og_description":"NVO Transport Scandinavi\u00eb is d\u00e9 hub naar Scandinavi\u00eb voor alle soorten goederentransport naar Zweden, Denemarken, Noorwegen, Finland en terug.","og_url":"https:\/\/www.nvotransport.nl\/transport-scandinavie\/","og_site_name":"NVO Transport","article_modified_time":"2019-11-26T15:34:05+00:00","twitter_card":"summary_large_image","twitter_misc":{"Est. reading time":"4 minutes"},"schema":{"@context":"https:\/\/schema.org","@graph":[{"@type":"WebPage","@id":"https:\/\/www.nvotransport.nl\/transport-scandinavie\/","url":"https:\/\/www.nvotransport.nl\/transport-scandinavie\/","name":"Transport Scandinavi\u00eb - NVO Transport Scandinavi\u00eb","isPartOf":{"@id":"https:\/\/www.nvotransport.nl\/#website"},"datePublished":"2018-01-11T14:36:14+00:00","dateModified":"2019-11-26T15:34:05+00:00","description":"NVO Transport Scandinavi\u00eb is d\u00e9 hub naar Scandinavi\u00eb voor alle soorten goederentransport naar Zweden, Denemarken, Noorwegen, Finland en terug.","breadcrumb":{"@id":"https:\/\/www.nvotransport.nl\/transport-scandinavie\/#breadcrumb"},"inLanguage":"en-US","potentialAction":[{"@type":"ReadAction","target":["https:\/\/www.nvotransport.nl\/transport-scandinavie\/"]}]},{"@type":"BreadcrumbList","@id":"https:\/\/www.nvotransport.nl\/transport-scandinavie\/#breadcrumb","itemListElement":[{"@type":"ListItem","position":1,"name":"Home","item":"https:\/\/www.nvotransport.nl\/"},{"@type":"ListItem","position":2,"name":"Transport van en naar Scandinavi\u00eb"}]},{"@type":"WebSite","@id":"https:\/\/www.nvotransport.nl\/#website","url":"https:\/\/www.nvotransport.nl\/","name":"NVO Transport","description":"Transport to Scandinavia","potentialAction":[{"@type":"SearchAction","target":{"@type":"EntryPoint","urlTemplate":"https:\/\/www.nvotransport.nl\/?s={search_term_string}"},"query-input":"required name=search_term_string"}],"inLanguage":"en-US"}]}},"_links":{"self":[{"href":"https:\/\/www.nvotransport.nl\/en\/wp-json\/wp\/v2\/pages\/1789"}],"collection":[{"href":"https:\/\/www.nvotransport.nl\/en\/wp-json\/wp\/v2\/pages"}],"about":[{"href":"https:\/\/www.nvotransport.nl\/en\/wp-json\/wp\/v2\/types\/page"}],"author":[{"embeddable":true,"href":"https:\/\/www.nvotransport.nl\/en\/wp-json\/wp\/v2\/users\/1"}],"replies":[{"embeddable":true,"href":"https:\/\/www.nvotransport.nl\/en\/wp-json\/wp\/v2\/comments?post=1789"}],"version-history":[{"count":53,"href":"https:\/\/www.nvotransport.nl\/en\/wp-json\/wp\/v2\/pages\/1789\/revisions"}],"predecessor-version":[{"id":110127,"href":"https:\/\/www.nvotransport.nl\/en\/wp-json\/wp\/v2\/pages\/1789\/revisions\/110127"}],"wp:attachment":[{"href":"https:\/\/www.nvotransport.nl\/en\/wp-json\/wp\/v2\/media?parent=1789"}],"curies":[{"name":"wp","href":"https:\/\/api.w.org\/{rel}","templated":true}]}}